{"id":10529,"date":"2025-06-11T08:49:22","date_gmt":"2025-06-11T05:49:22","guid":{"rendered":"https:\/\/visitoulu.fi\/?page_id=10529"},"modified":"2025-06-17T09:57:28","modified_gmt":"2025-06-17T06:57:28","slug":"new-openings-for-charles-air-transport-in-northern-baltic-sea","status":"publish","type":"page","link":"https:\/\/visitoulufi-2025-10-14_10_27_17.test.cchosting.fi\/en\/new-openings-for-charles-air-transport-in-northern-baltic-sea\/","title":{"rendered":"Charles"},"content":{"rendered":"<p class=\"has-text-align-center\"><\/p>\n\n\n\n<div class=\"wp-block-columns is-layout-flex wp-container-core-columns-is-layout-9d6595d7 wp-block-columns-is-layout-flex\">\n<div class=\"wp-block-column is-layout-flow wp-block-column-is-layout-flow\" style=\"flex-basis:100%\"><\/div>\n<\/div>\n\n\n\n<p class=\"has-text-align-left\"><strong>CHARLES project: strengthening air connections and international attractiveness in North Ostrobothnia<\/strong><\/p>\n\n\n\n<p class=\"has-text-align-left\">CHARLES is a development project aimed at strengthening the accessibility of air transport in North Ostrobothnia and promoting the international attractiveness of the region for tourism and business. In particular, the project will support the growth and competitiveness of SMEs by improving connectivity and increasing the attractiveness of tourism ecosystems.<\/p>","protected":false},"excerpt":{"rendered":"<p>CHARLES-hanke: Lentoyhteyksien ja kansainv\u00e4lisen vetovoiman vahvistaja Pohjois-Pohjanmaalla CHARLES on kehitt\u00e4mishanke, jonka tavoitteena on vahvistaa lentoliikenteen saavutettavuutta Pohjois-Pohjanmaalla ja edist\u00e4\u00e4 alueen kansainv\u00e4list\u00e4 houkuttelevuutta matkailun ja elinkeinoel\u00e4m\u00e4n n\u00e4k\u00f6kulmasta. Hanke tukee erityisesti pk-yritysten kasvua ja kilpailukyky\u00e4 parantamalla yhteyksi\u00e4 ja lis\u00e4\u00e4m\u00e4ll\u00e4 vetovoimaa matkailun ekosysteemeiss\u00e4. [&#8230;]<\/p>\n<p><a class=\"btn btn-secondary understrap-read-more-link\" href=\"https:\/\/visitoulufi-2025-10-14_10_27_17.test.cchosting.fi\/en\/new-openings-for-charles-air-transport-in-northern-baltic-sea\/\">Read More&#8230;<span class=\"screen-reader-text\"> from Charles<\/span><\/a><\/p>","protected":false},"author":34,"featured_media":10640,"parent":0,"menu_order":0,"comment_status":"closed","ping_status":"closed","template":"","meta":{"_acf_changed":false,"content-type":"","footnotes":""},"coauthors":[199],"class_list":["post-10529","page","type-page","status-publish","has-post-thumbnail","hentry"],"acf":[],"yoast_head":"<!-- This site is optimized with the Yoast SEO plugin v26.0 - https:\/\/yoast.com\/wordpress\/plugins\/seo\/ -->\n<title>Charles - Visit Oulu<\/title>\n<meta name=\"robots\" content=\"index, follow, max-snippet:-1, max-image-preview:large, max-video-preview:-1\" \/>\n<link rel=\"canonical\" href=\"https:\/\/visitoulufi-2025-10-14_10_27_17.test.cchosting.fi\/en\/new-openings-for-charles-air-transport-in-northern-baltic-sea\/\" \/>\n<meta property=\"og:locale\" content=\"en_US\" \/>\n<meta property=\"og:type\" content=\"article\" \/>\n<meta property=\"og:title\" content=\"Charles - Visit Oulu\" \/>\n<meta property=\"og:description\" content=\"CHARLES-hanke: Lentoyhteyksien ja kansainv\u00e4lisen vetovoiman vahvistaja Pohjois-Pohjanmaalla CHARLES on kehitt\u00e4mishanke, jonka tavoitteena on vahvistaa lentoliikenteen saavutettavuutta Pohjois-Pohjanmaalla ja edist\u00e4\u00e4 alueen kansainv\u00e4list\u00e4 houkuttelevuutta matkailun ja elinkeinoel\u00e4m\u00e4n n\u00e4k\u00f6kulmasta. Hanke tukee erityisesti pk-yritysten kasvua ja kilpailukyky\u00e4 parantamalla yhteyksi\u00e4 ja lis\u00e4\u00e4m\u00e4ll\u00e4 vetovoimaa matkailun ekosysteemeiss\u00e4. [...]Read More... from Charles\" \/>\n<meta property=\"og:url\" content=\"https:\/\/visitoulufi-2025-10-14_10_27_17.test.cchosting.fi\/en\/new-openings-for-charles-air-transport-in-northern-baltic-sea\/\" \/>\n<meta property=\"og:site_name\" content=\"Visit Oulu\" \/>\n<meta property=\"article:modified_time\" content=\"2025-06-17T06:57:28+00:00\" \/>\n<meta property=\"og:image\" content=\"https:\/\/visitoulufi-2025-10-14_10_27_17.test.cchosting.fi\/wp-content\/uploads\/2025\/06\/DSC00091-scaled.jpg\" \/>\n\t<meta property=\"og:image:width\" content=\"2560\" \/>\n\t<meta property=\"og:image:height\" content=\"1707\" \/>\n\t<meta property=\"og:image:type\" content=\"image\/jpeg\" \/>\n<meta name=\"twitter:card\" content=\"summary_large_image\" \/>\n<meta name=\"twitter:label1\" content=\"Est. reading time\" \/>\n\t<meta name=\"twitter:data1\" content=\"4 minutes\" \/>\n\t<meta name=\"twitter:label2\" content=\"Written by\" \/>\n\t<meta name=\"twitter:data2\" content=\"Jenni Annala\" \/>\n<script type=\"application\/ld+json\" class=\"yoast-schema-graph\">{\"@context\":\"https:\/\/schema.org\",\"@graph\":[{\"@type\":\"WebPage\",\"@id\":\"https:\/\/visitoulufi-2025-10-14_10_27_17.test.cchosting.fi\/charles-lentoliikenteen-uudet-avaukset-pohjois-pohjanmaalla\/\",\"url\":\"https:\/\/visitoulufi-2025-10-14_10_27_17.test.cchosting.fi\/charles-lentoliikenteen-uudet-avaukset-pohjois-pohjanmaalla\/\",\"name\":\"Charles - Visit Oulu\",\"isPartOf\":{\"@id\":\"https:\/\/visitoulufi-2025-10-14_10_27_17.test.cchosting.fi\/#website\"},\"primaryImageOfPage\":{\"@id\":\"https:\/\/visitoulufi-2025-10-14_10_27_17.test.cchosting.fi\/charles-lentoliikenteen-uudet-avaukset-pohjois-pohjanmaalla\/#primaryimage\"},\"image\":{\"@id\":\"https:\/\/visitoulufi-2025-10-14_10_27_17.test.cchosting.fi\/charles-lentoliikenteen-uudet-avaukset-pohjois-pohjanmaalla\/#primaryimage\"},\"thumbnailUrl\":\"https:\/\/visitoulufi-2025-10-14_10_27_17.test.cchosting.fi\/wp-content\/uploads\/2025\/06\/DSC00091-scaled.jpg\",\"datePublished\":\"2025-06-11T05:49:22+00:00\",\"dateModified\":\"2025-06-17T06:57:28+00:00\",\"breadcrumb\":{\"@id\":\"https:\/\/visitoulufi-2025-10-14_10_27_17.test.cchosting.fi\/charles-lentoliikenteen-uudet-avaukset-pohjois-pohjanmaalla\/#breadcrumb\"},\"inLanguage\":\"en-US\",\"potentialAction\":[{\"@type\":\"ReadAction\",\"target\":[\"https:\/\/visitoulufi-2025-10-14_10_27_17.test.cchosting.fi\/charles-lentoliikenteen-uudet-avaukset-pohjois-pohjanmaalla\/\"]}]},{\"@type\":\"ImageObject\",\"inLanguage\":\"en-US\",\"@id\":\"https:\/\/visitoulufi-2025-10-14_10_27_17.test.cchosting.fi\/charles-lentoliikenteen-uudet-avaukset-pohjois-pohjanmaalla\/#primaryimage\",\"url\":\"https:\/\/visitoulufi-2025-10-14_10_27_17.test.cchosting.fi\/wp-content\/uploads\/2025\/06\/DSC00091-scaled.jpg\",\"contentUrl\":\"https:\/\/visitoulufi-2025-10-14_10_27_17.test.cchosting.fi\/wp-content\/uploads\/2025\/06\/DSC00091-scaled.jpg\",\"width\":2560,\"height\":1707},{\"@type\":\"BreadcrumbList\",\"@id\":\"https:\/\/visitoulufi-2025-10-14_10_27_17.test.cchosting.fi\/charles-lentoliikenteen-uudet-avaukset-pohjois-pohjanmaalla\/#breadcrumb\",\"itemListElement\":[{\"@type\":\"ListItem\",\"position\":1,\"name\":\"Etusivu\",\"item\":\"https:\/\/visitoulufi-2025-10-14_10_27_17.test.cchosting.fi\/\"},{\"@type\":\"ListItem\",\"position\":2,\"name\":\"Charles\"}]},{\"@type\":\"WebSite\",\"@id\":\"https:\/\/visitoulufi-2025-10-14_10_27_17.test.cchosting.fi\/#website\",\"url\":\"https:\/\/visitoulufi-2025-10-14_10_27_17.test.cchosting.fi\/\",\"name\":\"Visit Oulu\",\"description\":\"\",\"potentialAction\":[{\"@type\":\"SearchAction\",\"target\":{\"@type\":\"EntryPoint\",\"urlTemplate\":\"https:\/\/visitoulufi-2025-10-14_10_27_17.test.cchosting.fi\/?s={search_term_string}\"},\"query-input\":{\"@type\":\"PropertyValueSpecification\",\"valueRequired\":true,\"valueName\":\"search_term_string\"}}],\"inLanguage\":\"en-US\"}]}<\/script>\n<!-- \/ Yoast SEO plugin. -->","yoast_head_json":{"title":"Charles - Visit Oulu","robots":{"index":"index","follow":"follow","max-snippet":"max-snippet:-1","max-image-preview":"max-image-preview:large","max-video-preview":"max-video-preview:-1"},"canonical":"https:\/\/visitoulufi-2025-10-14_10_27_17.test.cchosting.fi\/en\/new-openings-for-charles-air-transport-in-northern-baltic-sea\/","og_locale":"en_US","og_type":"article","og_title":"Charles - Visit Oulu","og_description":"CHARLES-hanke: Lentoyhteyksien ja kansainv\u00e4lisen vetovoiman vahvistaja Pohjois-Pohjanmaalla CHARLES on kehitt\u00e4mishanke, jonka tavoitteena on vahvistaa lentoliikenteen saavutettavuutta Pohjois-Pohjanmaalla ja edist\u00e4\u00e4 alueen kansainv\u00e4list\u00e4 houkuttelevuutta matkailun ja elinkeinoel\u00e4m\u00e4n n\u00e4k\u00f6kulmasta. Hanke tukee erityisesti pk-yritysten kasvua ja kilpailukyky\u00e4 parantamalla yhteyksi\u00e4 ja lis\u00e4\u00e4m\u00e4ll\u00e4 vetovoimaa matkailun ekosysteemeiss\u00e4. [...]Read More... from Charles","og_url":"https:\/\/visitoulufi-2025-10-14_10_27_17.test.cchosting.fi\/en\/new-openings-for-charles-air-transport-in-northern-baltic-sea\/","og_site_name":"Visit Oulu","article_modified_time":"2025-06-17T06:57:28+00:00","og_image":[{"width":2560,"height":1707,"url":"https:\/\/visitoulufi-2025-10-14_10_27_17.test.cchosting.fi\/wp-content\/uploads\/2025\/06\/DSC00091-scaled.jpg","type":"image\/jpeg"}],"twitter_card":"summary_large_image","twitter_misc":{"Est. reading time":"4 minutes","Written by":"Jenni Annala"},"schema":{"@context":"https:\/\/schema.org","@graph":[{"@type":"WebPage","@id":"https:\/\/visitoulufi-2025-10-14_10_27_17.test.cchosting.fi\/charles-lentoliikenteen-uudet-avaukset-pohjois-pohjanmaalla\/","url":"https:\/\/visitoulufi-2025-10-14_10_27_17.test.cchosting.fi\/charles-lentoliikenteen-uudet-avaukset-pohjois-pohjanmaalla\/","name":"Charles - Visit Oulu","isPartOf":{"@id":"https:\/\/visitoulufi-2025-10-14_10_27_17.test.cchosting.fi\/#website"},"primaryImageOfPage":{"@id":"https:\/\/visitoulufi-2025-10-14_10_27_17.test.cchosting.fi\/charles-lentoliikenteen-uudet-avaukset-pohjois-pohjanmaalla\/#primaryimage"},"image":{"@id":"https:\/\/visitoulufi-2025-10-14_10_27_17.test.cchosting.fi\/charles-lentoliikenteen-uudet-avaukset-pohjois-pohjanmaalla\/#primaryimage"},"thumbnailUrl":"https:\/\/visitoulufi-2025-10-14_10_27_17.test.cchosting.fi\/wp-content\/uploads\/2025\/06\/DSC00091-scaled.jpg","datePublished":"2025-06-11T05:49:22+00:00","dateModified":"2025-06-17T06:57:28+00:00","breadcrumb":{"@id":"https:\/\/visitoulufi-2025-10-14_10_27_17.test.cchosting.fi\/charles-lentoliikenteen-uudet-avaukset-pohjois-pohjanmaalla\/#breadcrumb"},"inLanguage":"en-US","potentialAction":[{"@type":"ReadAction","target":["https:\/\/visitoulufi-2025-10-14_10_27_17.test.cchosting.fi\/charles-lentoliikenteen-uudet-avaukset-pohjois-pohjanmaalla\/"]}]},{"@type":"ImageObject","inLanguage":"en-US","@id":"https:\/\/visitoulufi-2025-10-14_10_27_17.test.cchosting.fi\/charles-lentoliikenteen-uudet-avaukset-pohjois-pohjanmaalla\/#primaryimage","url":"https:\/\/visitoulufi-2025-10-14_10_27_17.test.cchosting.fi\/wp-content\/uploads\/2025\/06\/DSC00091-scaled.jpg","contentUrl":"https:\/\/visitoulufi-2025-10-14_10_27_17.test.cchosting.fi\/wp-content\/uploads\/2025\/06\/DSC00091-scaled.jpg","width":2560,"height":1707},{"@type":"BreadcrumbList","@id":"https:\/\/visitoulufi-2025-10-14_10_27_17.test.cchosting.fi\/charles-lentoliikenteen-uudet-avaukset-pohjois-pohjanmaalla\/#breadcrumb","itemListElement":[{"@type":"ListItem","position":1,"name":"Etusivu","item":"https:\/\/visitoulufi-2025-10-14_10_27_17.test.cchosting.fi\/"},{"@type":"ListItem","position":2,"name":"Charles"}]},{"@type":"WebSite","@id":"https:\/\/visitoulufi-2025-10-14_10_27_17.test.cchosting.fi\/#website","url":"https:\/\/visitoulufi-2025-10-14_10_27_17.test.cchosting.fi\/","name":"Visit Oulu","description":"","potentialAction":[{"@type":"SearchAction","target":{"@type":"EntryPoint","urlTemplate":"https:\/\/visitoulufi-2025-10-14_10_27_17.test.cchosting.fi\/?s={search_term_string}"},"query-input":{"@type":"PropertyValueSpecification","valueRequired":true,"valueName":"search_term_string"}}],"inLanguage":"en-US"}]}},"_links":{"self":[{"href":"https:\/\/visitoulufi-2025-10-14_10_27_17.test.cchosting.fi\/en\/wp-json\/wp\/v2\/pages\/10529","targetHints":{"allow":["GET"]}}],"collection":[{"href":"https:\/\/visitoulufi-2025-10-14_10_27_17.test.cchosting.fi\/en\/wp-json\/wp\/v2\/pages"}],"about":[{"href":"https:\/\/visitoulufi-2025-10-14_10_27_17.test.cchosting.fi\/en\/wp-json\/wp\/v2\/types\/page"}],"author":[{"embeddable":true,"href":"https:\/\/visitoulufi-2025-10-14_10_27_17.test.cchosting.fi\/en\/wp-json\/wp\/v2\/users\/34"}],"replies":[{"embeddable":true,"href":"https:\/\/visitoulufi-2025-10-14_10_27_17.test.cchosting.fi\/en\/wp-json\/wp\/v2\/comments?post=10529"}],"version-history":[{"count":56,"href":"https:\/\/visitoulufi-2025-10-14_10_27_17.test.cchosting.fi\/en\/wp-json\/wp\/v2\/pages\/10529\/revisions"}],"predecessor-version":[{"id":10833,"href":"https:\/\/visitoulufi-2025-10-14_10_27_17.test.cchosting.fi\/en\/wp-json\/wp\/v2\/pages\/10529\/revisions\/10833"}],"wp:featuredmedia":[{"embeddable":true,"href":"https:\/\/visitoulufi-2025-10-14_10_27_17.test.cchosting.fi\/en\/wp-json\/wp\/v2\/media\/10640"}],"wp:attachment":[{"href":"https:\/\/visitoulufi-2025-10-14_10_27_17.test.cchosting.fi\/en\/wp-json\/wp\/v2\/media?parent=10529"}],"wp:term":[{"taxonomy":"author","embeddable":true,"href":"https:\/\/visitoulufi-2025-10-14_10_27_17.test.cchosting.fi\/en\/wp-json\/wp\/v2\/coauthors?post=10529"}],"curies":[{"name":"wp","href":"https:\/\/api.w.org\/{rel}","templated":true}]}}